{"id":27,"date":"2016-06-21T22:38:18","date_gmt":"2016-06-21T21:38:18","guid":{"rendered":"https:\/\/sezenlerltd.com\/index.php\/services\/"},"modified":"2025-02-21T10:50:39","modified_gmt":"2025-02-21T07:50:39","slug":"services","status":"publish","type":"page","link":"https:\/\/sezenlerltd.com\/index.php\/services\/","title":{"rendered":"Hizmetlerimiz"},"content":{"rendered":"<div class=\"wpb-content-wrapper\"><p>[vc_row gap=&#8221;30&#8243; equal_height=&#8221;yes&#8221; type=&#8221;vc_default&#8221; css=&#8221;.vc_custom_1495105796691{padding-top: 70px !important;padding-right: 25px !important;padding-bottom: 70px !important;padding-left: 25px !important;}&#8221;][vc_column width=&#8221;1\/2&#8243; css=&#8221;.vc_custom_1578745201435{padding-top: 0px !important;padding-right: 0px !important;padding-bottom: 0px !important;padding-left: 0px !important;background-color: rgba(0,0,0,0.04) !important;*background-color: rgb(0,0,0) !important;}&#8221;]<style type=\"text\/css\" data-type=\"the7_shortcodes-inline-css\">.shortcode-single-image-wrap.shortcode-single-image-dbb1a4f556ed573aefb189bdb51cb72b.enable-bg-rollover .rollover i,\n.shortcode-single-image-wrap.shortcode-single-image-dbb1a4f556ed573aefb189bdb51cb72b.enable-bg-rollover .rollover-video i {\n  background: -webkit-linear-gradient();\n  background: linear-gradient();\n}\n.shortcode-single-image-wrap.shortcode-single-image-dbb1a4f556ed573aefb189bdb51cb72b .rollover-icon {\n  font-size: 32px;\n  color: #ffffff;\n  min-width: 50px;\n  min-height: 50px;\n  line-height: 50px;\n  border-radius: 100px;\n  border-style: solid;\n  border-width: 4px;\n  border-color: #ffffff;\n}\n.dt-icon-bg-on.shortcode-single-image-wrap.shortcode-single-image-dbb1a4f556ed573aefb189bdb51cb72b .rollover-icon {\n  background: rgba(255,255,255,0.3);\n  box-shadow: none;\n}\n<\/style><div class=\"shortcode-single-image-wrap shortcode-single-image-dbb1a4f556ed573aefb189bdb51cb72b alignnone  enable-bg-rollover dt-icon-bg-off\" style=\"margin-top:0px; margin-bottom:0px; margin-left:0px; margin-right:0px; width:900px;\"><div class=\"shortcode-single-image\"><div class=\"fancy-media-wrap\" style=\"\"><a href=\"\/construction\/services\/construction-service-page\/\" class=\" layzr-bg rollover\" style=\"\" aria-label=\"Image\"><img fetchpriority=\"high\" decoding=\"async\" class=\"preload-me lazy-load aspect\" src=\"data:image\/svg+xml,%3Csvg%20xmlns%3D&#39;http%3A%2F%2Fwww.w3.org%2F2000%2Fsvg&#39;%20viewBox%3D&#39;0%200%20900%20600&#39;%2F%3E\" data-src=\"https:\/\/sezenlerltd.com\/wp-content\/uploads\/2025\/02\/bantlama-900x600.png\" data-srcset=\"https:\/\/sezenlerltd.com\/wp-content\/uploads\/2025\/02\/bantlama-900x600.png 900w, https:\/\/sezenlerltd.com\/wp-content\/uploads\/2025\/02\/bantlama-960x640.png 960w\" loading=\"eager\" style=\"--ratio: 900 \/ 600\" sizes=\"(max-width: 900px) 100vw, 900px\" width=\"900\" height=\"600\"  data-dt-location=\"https:\/\/sezenlerltd.com\/index.php\/services\/bantlama\/\" alt=\"\" \/><span class=\"rollover-icon icomoon-the7-font-the7-plus-02\"><\/span><\/a><\/div><\/div><\/div>[vc_row_inner css=&#8221;.vc_custom_1495105364136{padding-top: 30px !important;padding-right: 30px !important;padding-bottom: 40px !important;padding-left: 30px !important;}&#8221;][vc_column_inner][vc_column_text css=&#8221;.vc_custom_1740124121119{padding-bottom: 20px !important;}&#8221;]<\/p>\n<div id=\"text-4202036355\" class=\"text\">\n<h3><strong>Ebatlama \u0130\u015flemleri<\/strong><\/h3>\n<\/div>\n<div id=\"text-3147129091\" class=\"text\">\n<p>Panel ebatlama hizmetimiz, m\u00fc\u015fterilerimizin ihtiya\u00e7lar\u0131na \u00f6zel olarak boyutland\u0131r\u0131lan panel kesim i\u015flemlerini kapsar. Son teknoloji kesim ekipmanlar\u0131m\u0131z ile panel t\u00fcrlerini istenilen \u00f6l\u00e7\u00fc ve \u015fekillere g\u00f6re hassas bir \u015fekilde kesiyoruz. Bu hizmet, projelerinizde zaman tasarrufu sa\u011flarken, malzeme israf\u0131n\u0131 en aza indirir ve m\u00fckemmel uyumlu par\u00e7alar elde etmenizi sa\u011flar.<\/p>\n<\/div>\n<p>[\/vc_column_text][\/vc_column_inner][\/vc_row_inner][\/vc_column][vc_column width=&#8221;1\/2&#8243; css=&#8221;.vc_custom_1578745232578{padding-top: 0px !important;padding-right: 0px !important;padding-bottom: 0px !important;padding-left: 0px !important;background-color: rgba(0,0,0,0.04) !important;*background-color: rgb(0,0,0) !important;}&#8221;]<style type=\"text\/css\" data-type=\"the7_shortcodes-inline-css\">.shortcode-single-image-wrap.shortcode-single-image-37c49d05c913bc4b1933831d2ce3caf7.enable-bg-rollover .rollover i,\n.shortcode-single-image-wrap.shortcode-single-image-37c49d05c913bc4b1933831d2ce3caf7.enable-bg-rollover .rollover-video i {\n  background: -webkit-linear-gradient();\n  background: linear-gradient();\n}\n.shortcode-single-image-wrap.shortcode-single-image-37c49d05c913bc4b1933831d2ce3caf7 .rollover-icon {\n  font-size: 32px;\n  color: #ffffff;\n  min-width: 50px;\n  min-height: 50px;\n  line-height: 50px;\n  border-radius: 100px;\n  border-style: solid;\n  border-width: 4px;\n  border-color: #ffffff;\n}\n.dt-icon-bg-on.shortcode-single-image-wrap.shortcode-single-image-37c49d05c913bc4b1933831d2ce3caf7 .rollover-icon {\n  background: rgba(255,255,255,0.3);\n  box-shadow: none;\n}\n<\/style><div class=\"shortcode-single-image-wrap shortcode-single-image-37c49d05c913bc4b1933831d2ce3caf7 alignnone  enable-bg-rollover dt-icon-bg-off\" style=\"margin-top:0px; margin-bottom:0px; margin-left:0px; margin-right:0px; width:900px;\"><div class=\"shortcode-single-image\"><div class=\"fancy-media-wrap\" style=\"\"><a href=\"\/construction\/services\/construction-service-page\/\" class=\" layzr-bg rollover\" style=\"\" aria-label=\"Image\"><img decoding=\"async\" class=\"preload-me lazy-load aspect\" src=\"data:image\/svg+xml,%3Csvg%20xmlns%3D&#39;http%3A%2F%2Fwww.w3.org%2F2000%2Fsvg&#39;%20viewBox%3D&#39;0%200%20900%20600&#39;%2F%3E\" data-src=\"https:\/\/sezenlerltd.com\/wp-content\/uploads\/2025\/02\/ebatlama-900x600.png\" data-srcset=\"https:\/\/sezenlerltd.com\/wp-content\/uploads\/2025\/02\/ebatlama-900x600.png 900w\" loading=\"eager\" style=\"--ratio: 900 \/ 600\" sizes=\"(max-width: 900px) 100vw, 900px\" width=\"900\" height=\"600\"  data-dt-location=\"https:\/\/sezenlerltd.com\/index.php\/services\/ebatlama\/\" alt=\"\" \/><span class=\"rollover-icon icomoon-the7-font-the7-plus-02\"><\/span><\/a><\/div><\/div><\/div>[vc_row_inner css=&#8221;.vc_custom_1495105364136{padding-top: 30px !important;padding-right: 30px !important;padding-bottom: 40px !important;padding-left: 30px !important;}&#8221;][vc_column_inner][vc_column_text css=&#8221;.vc_custom_1740124199962{padding-bottom: 20px !important;}&#8221;]<\/p>\n<div id=\"text-4225286281\" class=\"text\">\n<h3><strong>Bantlama \u0130\u015flemleri<\/strong><\/h3>\n<\/div>\n<div id=\"text-2694949412\" class=\"text\">\n<p class=\"thin-font\">Kenar bantlama hizmetimiz, mobilya panellerinin kenarlar\u0131n\u0131 profesyonel bir \u015fekilde kaplama i\u015flemidir. Bu hizmet, panellerin kenarlar\u0131n\u0131 \u00e7e\u015fitli malzemelerle\u00a0 kaplayarak hem estetik bir g\u00f6r\u00fcn\u00fcm kazand\u0131r\u0131r hem de kenarlar\u0131n neme ve mekanik hasarlara kar\u015f\u0131 korunmas\u0131n\u0131 sa\u011flar. Y\u00fcksek kalite ve hassasiyetle ger\u00e7ekle\u015ftirilen kenar bantlama i\u015flemimiz, \u00fcr\u00fcnlerinizin \u00f6mr\u00fcn\u00fc uzat\u0131r ve g\u00f6rsel b\u00fct\u00fcnl\u00fc\u011f\u00fcn\u00fc art\u0131r\u0131r.<\/p>\n<\/div>\n<p>[\/vc_column_text][\/vc_column_inner][\/vc_row_inner][\/vc_column][\/vc_row]<\/p>\n<\/div>","protected":false},"excerpt":{"rendered":"<p>[vc_row gap=&#8221;30&#8243; equal_height=&#8221;yes&#8221; type=&#8221;vc_default&#8221; css=&#8221;.vc_custom_1495105796691{padding-top: 70px !important;padding-right: 25px !important;padding-bottom: 70px !important;padding-left: 25px !important;}&#8221;][vc_column width=&#8221;1\/2&#8243; css=&#8221;.vc_custom_1578745201435{padding-top: 0px !important;padding-right: 0px !important;padding-bottom: 0px !important;padding-left: 0px !important;background-color: rgba(0,0,0,0.04) !important;*background-color: rgb(0,0,0) !important;}&#8221;][vc_row_inner css=&#8221;.vc_custom_1495105364136{padding-top: 30px !important;padding-right: 30px !important;padding-bottom: 40px !important;padding-left: 30px !important;}&#8221;][vc_column_inner][vc_column_text css=&#8221;.vc_custom_1740124121119{padding-bottom: 20px !important;}&#8221;] Ebatlama \u0130\u015flemleri Panel ebatlama hizmetimiz, m\u00fc\u015fterilerimizin ihtiya\u00e7lar\u0131na \u00f6zel olarak boyutland\u0131r\u0131lan panel kesim i\u015flemlerini kapsar. Son teknoloji&hellip;<\/p>\n","protected":false},"author":1,"featured_media":0,"parent":0,"menu_order":2,"comment_status":"closed","ping_status":"closed","template":"","meta":{"footnotes":""},"class_list":["post-27","page","type-page","status-publish","hentry","description-off"],"_links":{"self":[{"href":"https:\/\/sezenlerltd.com\/index.php\/wp-json\/wp\/v2\/pages\/27","targetHints":{"allow":["GET"]}}],"collection":[{"href":"https:\/\/sezenlerltd.com\/index.php\/wp-json\/wp\/v2\/pages"}],"about":[{"href":"https:\/\/sezenlerltd.com\/index.php\/wp-json\/wp\/v2\/types\/page"}],"author":[{"embeddable":true,"href":"https:\/\/sezenlerltd.com\/index.php\/wp-json\/wp\/v2\/users\/1"}],"replies":[{"embeddable":true,"href":"https:\/\/sezenlerltd.com\/index.php\/wp-json\/wp\/v2\/comments?post=27"}],"version-history":[{"count":4,"href":"https:\/\/sezenlerltd.com\/index.php\/wp-json\/wp\/v2\/pages\/27\/revisions"}],"predecessor-version":[{"id":1319,"href":"https:\/\/sezenlerltd.com\/index.php\/wp-json\/wp\/v2\/pages\/27\/revisions\/1319"}],"wp:attachment":[{"href":"https:\/\/sezenlerltd.com\/index.php\/wp-json\/wp\/v2\/media?parent=27"}],"curies":[{"name":"wp","href":"https:\/\/api.w.org\/{rel}","templated":true}]}}